{"id":7945,"date":"2022-12-28T11:38:33","date_gmt":"2022-12-28T11:38:33","guid":{"rendered":"https:\/\/bikefiteurope.com\/divi-login-designer\/"},"modified":"2022-12-30T10:01:24","modified_gmt":"2022-12-30T10:01:24","slug":"divi-login-designer","status":"publish","type":"page","link":"https:\/\/bikefiteurope.com\/de\/divi-login-designer\/","title":{"rendered":"Divi-Login-Designer"},"content":{"rendered":"<p>Diese Seite wird f\u00fcr die Divi Login Designer-Erweiterung verwendet. Es ist f\u00fcr Ihre Leser nicht sichtbar. L\u00f6schen Sie es nicht.<\/p>","protected":false},"excerpt":{"rendered":"<p>Diese Seite wird f\u00fcr die Divi Login Designer-Erweiterung verwendet. Es ist f\u00fcr Ihre Leser nicht sichtbar. L\u00f6schen Sie es nicht.<\/p>","protected":false},"author":1,"featured_media":0,"parent":0,"menu_order":0,"comment_status":"closed","ping_status":"closed","template":"ext-template-login-designer.php","meta":{"_et_pb_use_builder":"","_et_pb_old_content":"","_et_gb_content_width":"","footnotes":""},"class_list":["post-7945","page","type-page","status-publish","hentry"],"_links":{"self":[{"href":"https:\/\/bikefiteurope.com\/de\/wp-json\/wp\/v2\/pages\/7945","targetHints":{"allow":["GET"]}}],"collection":[{"href":"https:\/\/bikefiteurope.com\/de\/wp-json\/wp\/v2\/pages"}],"about":[{"href":"https:\/\/bikefiteurope.com\/de\/wp-json\/wp\/v2\/types\/page"}],"author":[{"embeddable":true,"href":"https:\/\/bikefiteurope.com\/de\/wp-json\/wp\/v2\/users\/1"}],"replies":[{"embeddable":true,"href":"https:\/\/bikefiteurope.com\/de\/wp-json\/wp\/v2\/comments?post=7945"}],"version-history":[{"count":1,"href":"https:\/\/bikefiteurope.com\/de\/wp-json\/wp\/v2\/pages\/7945\/revisions"}],"predecessor-version":[{"id":7986,"href":"https:\/\/bikefiteurope.com\/de\/wp-json\/wp\/v2\/pages\/7945\/revisions\/7986"}],"wp:attachment":[{"href":"https:\/\/bikefiteurope.com\/de\/wp-json\/wp\/v2\/media?parent=7945"}],"curies":[{"name":"wp","href":"https:\/\/api.w.org\/{rel}","templated":true}]}}